{"id":3249,"date":"2022-04-27T11:17:01","date_gmt":"2022-04-27T11:17:01","guid":{"rendered":"https:\/\/www.froewis.info\/contact-now"},"modified":"2022-07-06T14:42:13","modified_gmt":"2022-07-06T14:42:13","slug":"contact-now","status":"publish","type":"page","link":"https:\/\/www.froewis.com\/en\/contact-now\/","title":{"rendered":"contact now"},"content":{"rendered":"<div class=\"gb-container gb-container-31f54efe alignfull gb-container-standard\"><div class=\"gb-inside-container\">\n\n<h1 class=\"gb-headline gb-headline-294bb3aa gb-headline-text\">How can we help?<\/h1>\n\n\n<div class=\"wpforms-container wpforms-container-full wpforms-block\" id=\"wpforms-2224\"><form id=\"wpforms-form-2224\" class=\"wpforms-validate wpforms-form wpforms-ajax-form\" data-formid=\"2224\" method=\"post\" enctype=\"multipart\/form-data\" action=\"\/en\/wp-json\/wp\/v2\/pages\/3249\/\" data-token=\"73e76cad4817ca7a04dd4cae379b86a4\" data-token-time=\"1777140143\"><noscript class=\"wpforms-error-noscript\">Please enable JavaScript in your browser to complete this form.<\/noscript><div class=\"wpforms-field-container\"><div id=\"wpforms-2224-field_1-container\" class=\"wpforms-field wpforms-field-radio wpf-center wpf-centered-choice wpforms-list-inline wpforms-conditional-trigger\" data-field-id=\"1\"><label class=\"wpforms-field-label wpforms-label-hide\">How can we help?<\/label><ul id=\"wpforms-2224-field_1\"><li class=\"choice-1 depth-1\"><input type=\"radio\" id=\"wpforms-2224-field_1_1\" name=\"wpforms[fields][1]\" value=\"Speak with us\"  ><label class=\"wpforms-field-label-inline\" for=\"wpforms-2224-field_1_1\">Speak with us<\/label><\/li><li class=\"choice-2 depth-1\"><input type=\"radio\" id=\"wpforms-2224-field_1_2\" name=\"wpforms[fields][1]\" value=\"Test a product\"  ><label class=\"wpforms-field-label-inline\" for=\"wpforms-2224-field_1_2\">Test a product<\/label><\/li><\/ul><\/div><div id=\"wpforms-2224-field_2-container\" class=\"wpforms-field wpforms-field-html wpforms-conditional-field wpforms-conditional-show\" data-field-id=\"2\" style=\"display:none;\"><div id=\"wpforms-2224-field_2\"><p class=\"wpf-termin-text\">Would you like an appointment to discuss a project or just to chat? Make an appointment quickly and easily via our online appointment booking tool.<\/p><\/div><\/div><div id=\"wpforms-2224-field_4-container\" class=\"wpforms-field wpforms-field-select wpforms-conditional-field wpforms-conditional-show wpforms-field-select-style-modern\" data-field-id=\"4\" style=\"display:none;\"><label class=\"wpforms-field-label\" for=\"wpforms-2224-field_4\">Which products would you like to test? <span class=\"wpforms-required-label\">*<\/span><\/label><select id=\"wpforms-2224-field_4\" class=\"wpforms-field-large wpforms-field-required choicesjs-select\" data-size-class=\"wpforms-field-row wpforms-field-large\" data-search-enabled=\"\" name=\"wpforms[fields][4][]\" required=\"required\" multiple=\"multiple\"><option value=\"\" class=\"placeholder\" disabled ><\/option><option value=\"2901\"  class=\"choice-0 depth-1\"  >Gecko U8<\/option><option value=\"4225\"  class=\"choice-1 depth-1\"  >Klettersystem Fassadenbegr\u00fcnung<\/option><option value=\"2929\"  class=\"choice-2 depth-1\"  >Panthera A10<\/option><option value=\"2887\"  class=\"choice-3 depth-1\"  >Stellfuchs<\/option><\/select><\/div><div id=\"wpforms-2224-field_9-container\" class=\"wpforms-field wpforms-field-text wpforms-conditional-field wpforms-conditional-show\" data-field-id=\"9\" style=\"display:none;\"><label class=\"wpforms-field-label\" for=\"wpforms-2224-field_9\">Company <span class=\"wpforms-required-label\">*<\/span><\/label><input type=\"text\" id=\"wpforms-2224-field_9\" class=\"wpforms-field-large wpforms-field-required\" name=\"wpforms[fields][9]\" required><\/div><div id=\"wpforms-2224-field_8-container\" class=\"wpforms-field wpforms-field-name wpforms-conditional-field wpforms-conditional-show\" data-field-id=\"8\" style=\"display:none;\"><label class=\"wpforms-field-label\">Name <span class=\"wpforms-required-label\">*<\/span><\/label><div class=\"wpforms-field-row wpforms-field-large\"><div class=\"wpforms-field-row-block wpforms-first wpforms-one-half\"><input type=\"text\" id=\"wpforms-2224-field_8\" class=\"wpforms-field-name-first wpforms-field-required\" name=\"wpforms[fields][8][first]\" required><label for=\"wpforms-2224-field_8\" class=\"wpforms-field-sublabel after\">First<\/label><\/div><div class=\"wpforms-field-row-block wpforms-one-half\"><input type=\"text\" id=\"wpforms-2224-field_8-last\" class=\"wpforms-field-name-last wpforms-field-required\" name=\"wpforms[fields][8][last]\" required><label for=\"wpforms-2224-field_8-last\" class=\"wpforms-field-sublabel after\">Last<\/label><\/div><\/div><\/div><div id=\"wpforms-2224-field_6-container\" class=\"wpforms-field wpforms-field-email wpforms-one-half wpforms-first wpforms-conditional-field wpforms-conditional-show\" data-field-id=\"6\" style=\"display:none;\"><label class=\"wpforms-field-label\" for=\"wpforms-2224-field_6\">Email <span class=\"wpforms-required-label\">*<\/span><\/label><input type=\"email\" id=\"wpforms-2224-field_6\" class=\"wpforms-field-large wpforms-field-required\" name=\"wpforms[fields][6]\" spellcheck=\"false\" required><\/div><div id=\"wpforms-2224-field_7-container\" class=\"wpforms-field wpforms-field-phone wpforms-one-half wpforms-conditional-field wpforms-conditional-show\" data-field-id=\"7\" style=\"display:none;\"><label class=\"wpforms-field-label\" for=\"wpforms-2224-field_7\">Telephone<\/label><input type=\"tel\" id=\"wpforms-2224-field_7\" class=\"wpforms-field-large wpforms-smart-phone-field\" data-rule-smart-phone-field=\"true\" name=\"wpforms[fields][7]\" placeholder=\"384 2162\" aria-label=\"Telephone\" ><\/div><div id=\"wpforms-2224-field_5-container\" class=\"wpforms-field wpforms-field-address wpforms-mobile-full wpforms-conditional-field wpforms-conditional-show\" data-field-id=\"5\" style=\"display:none;\"><label class=\"wpforms-field-label\">Address <span class=\"wpforms-required-label\">*<\/span><\/label><div class=\"wpforms-field-row wpforms-field-large\"><div ><input type=\"text\" id=\"wpforms-2224-field_5\" class=\"wpforms-field-address-address1 wpforms-field-required\" name=\"wpforms[fields][5][address1]\" required><label for=\"wpforms-2224-field_5\" class=\"wpforms-field-sublabel after\">Address<\/label><\/div><\/div><div class=\"wpforms-field-row wpforms-field-large\"><div ><input type=\"text\" id=\"wpforms-2224-field_5-address2\" class=\"wpforms-field-address-address2\" name=\"wpforms[fields][5][address2]\" ><label for=\"wpforms-2224-field_5-address2\" class=\"wpforms-field-sublabel after\">Address addition<\/label><\/div><\/div><div class=\"wpforms-field-row wpforms-field-large\"><div class=\"wpforms-field-row-block wpforms-one-half wpforms-first\"><input type=\"text\" id=\"wpforms-2224-field_5-city\" class=\"wpforms-field-address-city wpforms-field-required\" name=\"wpforms[fields][5][city]\" required><label for=\"wpforms-2224-field_5-city\" class=\"wpforms-field-sublabel after\">City<\/label><\/div><\/div><div class=\"wpforms-field-row wpforms-field-large\"><div class=\"wpforms-field-row-block wpforms-one-half wpforms-first\"><input type=\"text\" id=\"wpforms-2224-field_5-postal\" class=\"wpforms-field-address-postal wpforms-field-required\" name=\"wpforms[fields][5][postal]\" required><label for=\"wpforms-2224-field_5-postal\" class=\"wpforms-field-sublabel after\">Postal code<\/label><\/div><div class=\"wpforms-field-row-block wpforms-one-half\"><select id=\"wpforms-2224-field_5-country\" class=\"wpforms-field-address-country wpforms-field-required\" name=\"wpforms[fields][5][country]\" required><option class=\"placeholder\" value=\"\" selected disabled>&#8212; Select country &#8212;<\/option><option value=\"AF\" >Afghanistan<\/option><option value=\"AX\" >Aland Islands<\/option><option value=\"AL\" >Albania<\/option><option value=\"DZ\" >Algeria<\/option><option value=\"AS\" >American Samoa<\/option><option value=\"AD\" >Andorra<\/option><option value=\"AO\" >Angola<\/option><option value=\"AI\" >Anguilla<\/option><option value=\"AQ\" >Antarctica<\/option><option value=\"AG\" >Antigua and Barbuda<\/option><option value=\"AR\" >Argentina<\/option><option value=\"AM\" >Armenia<\/option><option value=\"AW\" >Aruba<\/option><option value=\"AC\" >Ascension Island<\/option><option value=\"AU\" >Australia<\/option><option value=\"AT\" >Austria<\/option><option value=\"AZ\" >Azerbaijan<\/option><option value=\"BS\" >Bahamas<\/option><option value=\"BH\" >Bahrain<\/option><option value=\"BD\" >Bangladesh<\/option><option value=\"BB\" >Barbados<\/option><option value=\"BY\" >Belarus<\/option><option value=\"BE\" >Belgium<\/option><option value=\"BZ\" >Belize<\/option><option value=\"BJ\" >Benin<\/option><option value=\"BM\" >Bermuda<\/option><option value=\"BT\" >Bhutan<\/option><option value=\"BO\" >Bolivia<\/option><option value=\"BA\" >Bosnia and Herzegovina<\/option><option value=\"BW\" >Botswana<\/option><option value=\"BV\" >Bouvet Island<\/option><option value=\"BR\" >Brazil<\/option><option value=\"IO\" >British Indian Ocean Territory<\/option><option value=\"VG\" >British Virgin Islands<\/option><option value=\"BN\" >Brunei<\/option><option value=\"BG\" >Bulgaria<\/option><option value=\"BF\" >Burkina Faso<\/option><option value=\"BI\" >Burundi<\/option><option value=\"KH\" >Cambodia<\/option><option value=\"CM\" >Cameroon<\/option><option value=\"CA\" >Canada<\/option><option value=\"IC\" >Canary Islands<\/option><option value=\"CV\" >Cape Verde<\/option><option value=\"BQ\" >Caribbean Netherlands<\/option><option value=\"KY\" >Cayman Islands<\/option><option value=\"CF\" >Central African Republic<\/option><option value=\"EA\" >Ceuta and Melilla<\/option><option value=\"TD\" >Chad<\/option><option value=\"CL\" >Chile<\/option><option value=\"CN\" >China<\/option><option value=\"CX\" >Christmas Island<\/option><option value=\"CP\" >Clipperton Island<\/option><option value=\"CC\" >Cocos (Keeling) Islands<\/option><option value=\"CO\" >Colombia<\/option><option value=\"KM\" >Comoros<\/option><option value=\"CD\" >Congo (DRC)<\/option><option value=\"CG\" >Congo (Republic)<\/option><option value=\"CK\" >Cook Islands<\/option><option value=\"CR\" >Costa Rica<\/option><option value=\"HR\" >Croatia<\/option><option value=\"CU\" >Cuba<\/option><option value=\"CW\" >Cura\u00e7ao<\/option><option value=\"CY\" >Cyprus<\/option><option value=\"CZ\" >Czech Republic<\/option><option value=\"CI\" >C\u00f4te d\u2019Ivoire<\/option><option value=\"DK\" >Denmark (Danmark)<\/option><option value=\"DG\" >Diego Garcia<\/option><option value=\"DJ\" >Djibouti<\/option><option value=\"DM\" >Dominica<\/option><option value=\"DO\" >Dominican Republic<\/option><option value=\"EC\" >Ecuador<\/option><option value=\"EG\" >Egypt<\/option><option value=\"SV\" >El Salvador<\/option><option value=\"GQ\" >Equatorial Guinea<\/option><option value=\"ER\" >Eritrea<\/option><option value=\"EE\" >Estonia<\/option><option value=\"ET\" >Ethiopia<\/option><option value=\"FK\" >Falkland Islands<\/option><option value=\"FO\" >Faroe Islands<\/option><option value=\"FJ\" >Fiji<\/option><option value=\"FI\" >Finland<\/option><option value=\"FR\" >France<\/option><option value=\"GF\" >French Guiana<\/option><option value=\"PF\" >French Polynesia<\/option><option value=\"TF\" >French Southern Territories<\/option><option value=\"GA\" >Gabon<\/option><option value=\"GM\" >Gambia<\/option><option value=\"GE\" >Georgia<\/option><option value=\"DE\" >Germany<\/option><option value=\"GH\" >Ghana<\/option><option value=\"GI\" >Gibraltar<\/option><option value=\"GR\" >Greece<\/option><option value=\"GL\" >Greenland<\/option><option value=\"GD\" >Grenada<\/option><option value=\"GP\" >Guadeloupe<\/option><option value=\"GU\" >Guam<\/option><option value=\"GT\" >Guatemala<\/option><option value=\"GG\" >Guernsey<\/option><option value=\"GN\" >Guinea<\/option><option value=\"GW\" >Guinea-Bissau<\/option><option value=\"GY\" >Guyana<\/option><option value=\"HT\" >Haiti<\/option><option value=\"HM\" >Heard &amp; McDonald Islands<\/option><option value=\"HN\" >Honduras<\/option><option value=\"HK\" >Hong Kong<\/option><option value=\"HU\" >Hungary<\/option><option value=\"IS\" >Iceland<\/option><option value=\"IN\" >India<\/option><option value=\"ID\" >Indonesia<\/option><option value=\"IR\" >Iran<\/option><option value=\"IQ\" >Iraq<\/option><option value=\"IE\" >Ireland<\/option><option value=\"IM\" >Isle of Man<\/option><option value=\"IL\" >Israel<\/option><option value=\"IT\" >Italy<\/option><option value=\"JM\" >Jamaica<\/option><option value=\"JP\" >Japan<\/option><option value=\"JE\" >Jersey<\/option><option value=\"JO\" >Jordan<\/option><option value=\"KZ\" >Kazakhstan<\/option><option value=\"KE\" >Kenya<\/option><option value=\"KI\" >Kiribati<\/option><option value=\"XK\" >Kosovo<\/option><option value=\"KW\" >Kuwait<\/option><option value=\"KG\" >Kyrgyzstan<\/option><option value=\"LA\" >Laos<\/option><option value=\"LV\" >Latvia<\/option><option value=\"LB\" >Lebanon<\/option><option value=\"LS\" >Lesotho<\/option><option value=\"LR\" >Liberia<\/option><option value=\"LY\" >Libya<\/option><option value=\"LI\" >Liechtenstein<\/option><option value=\"LT\" >Lithuania<\/option><option value=\"LU\" >Luxembourg<\/option><option value=\"MO\" >Macau<\/option><option value=\"MK\" >Macedonia (FYROM)<\/option><option value=\"MG\" >Madagascar<\/option><option value=\"MW\" >Malawi<\/option><option value=\"MY\" >Malaysia<\/option><option value=\"MV\" >Maldives<\/option><option value=\"ML\" >Mali<\/option><option value=\"MT\" >Malta<\/option><option value=\"MH\" >Marshall Islands<\/option><option value=\"MQ\" >Martinique<\/option><option value=\"MR\" >Mauritania<\/option><option value=\"MU\" >Mauritius<\/option><option value=\"YT\" >Mayotte<\/option><option value=\"MX\" >Mexico<\/option><option value=\"FM\" >Micronesia<\/option><option value=\"MD\" >Moldova<\/option><option value=\"MC\" >Monaco<\/option><option value=\"MN\" >Mongolia<\/option><option value=\"ME\" >Montenegro<\/option><option value=\"MS\" >Montserrat<\/option><option value=\"MA\" >Morocco<\/option><option value=\"MZ\" >Mozambique<\/option><option value=\"MM\" >Myanmar<\/option><option value=\"NA\" >Namibia<\/option><option value=\"NR\" >Nauru<\/option><option value=\"NP\" >Nepal<\/option><option value=\"NL\" >Netherlands<\/option><option value=\"NC\" >New Caledonia<\/option><option value=\"NZ\" >New Zealand<\/option><option value=\"NI\" >Nicaragua<\/option><option value=\"NE\" >Niger<\/option><option value=\"NG\" >Nigeria<\/option><option value=\"NU\" >Niue<\/option><option value=\"NF\" >Norfolk Island<\/option><option value=\"KP\" >North Korea<\/option><option value=\"MP\" >Northern Mariana Islands<\/option><option value=\"NO\" >Norway<\/option><option value=\"OM\" >Oman<\/option><option value=\"PK\" >Pakistan<\/option><option value=\"PW\" >Palau<\/option><option value=\"PS\" >Palestine<\/option><option value=\"PA\" >Panama<\/option><option value=\"PG\" >Papua New Guinea<\/option><option value=\"PY\" >Paraguay<\/option><option value=\"PE\" >Peru<\/option><option value=\"PH\" >Philippines<\/option><option value=\"PN\" >Pitcairn Islands<\/option><option value=\"PL\" >Poland<\/option><option value=\"PT\" >Portugal<\/option><option value=\"PR\" >Puerto Rico<\/option><option value=\"QA\" >Qatar<\/option><option value=\"RO\" >Romania<\/option><option value=\"RU\" >Russia<\/option><option value=\"RW\" >Rwanda<\/option><option value=\"RE\" >R\u00e9union<\/option><option value=\"BL\" >Saint Barth\u00e9lemy<\/option><option value=\"SH\" >Saint Helena<\/option><option value=\"KN\" >Saint Kitts and Nevis<\/option><option value=\"LC\" >Saint Lucia<\/option><option value=\"MF\" >Saint Martin<\/option><option value=\"PM\" >Saint Pierre and Miquelon<\/option><option value=\"WS\" >Samoa<\/option><option value=\"SM\" >San Marino<\/option><option value=\"SA\" >Saudi Arabia<\/option><option value=\"SN\" >Senegal<\/option><option value=\"RS\" >Serbia<\/option><option value=\"SC\" >Seychelles<\/option><option value=\"SL\" >Sierra Leone<\/option><option value=\"SG\" >Singapore<\/option><option value=\"SX\" >Sint Maarten<\/option><option value=\"SK\" >Slovakia<\/option><option value=\"SI\" >Slovenia<\/option><option value=\"SB\" >Solomon Islands<\/option><option value=\"SO\" >Somalia<\/option><option value=\"ZA\" >South Africa<\/option><option value=\"GS\" >South Georgia &amp; South Sandwich Islands<\/option><option value=\"KR\" >South Korea<\/option><option value=\"SS\" >South Sudan<\/option><option value=\"ES\" >Spain<\/option><option value=\"LK\" >Sri Lanka<\/option><option value=\"VC\" >St. Vincent &amp; Grenadines<\/option><option value=\"SD\" >Sudan<\/option><option value=\"SR\" >Suriname<\/option><option value=\"SJ\" >Svalbard and Jan Mayen<\/option><option value=\"SZ\" >Swaziland<\/option><option value=\"SE\" >Sweden<\/option><option value=\"CH\" >Switzerland<\/option><option value=\"SY\" >Syria<\/option><option value=\"ST\" >S\u00e3o Tom\u00e9 and Pr\u00edncipe<\/option><option value=\"TW\" >Taiwan, Province of China<\/option><option value=\"TJ\" >Tajikistan<\/option><option value=\"TZ\" >Tanzania<\/option><option value=\"TH\" >Thailand<\/option><option value=\"TL\" >Timor-Leste<\/option><option value=\"TG\" >Togo<\/option><option value=\"TK\" >Tokelau<\/option><option value=\"TO\" >Tonga<\/option><option value=\"TT\" >Trinidad and Tobago<\/option><option value=\"TA\" >Tristan da Cunha<\/option><option value=\"TN\" >Tunisia<\/option><option value=\"TR\" >Turkey<\/option><option value=\"TM\" >Turkmenistan<\/option><option value=\"TC\" >Turks and Caicos Islands<\/option><option value=\"TV\" >Tuvalu<\/option><option value=\"UM\" >U.S. Outlying Islands<\/option><option value=\"VI\" >U.S. Virgin Islands<\/option><option value=\"UG\" >Uganda<\/option><option value=\"UA\" >Ukraine<\/option><option value=\"AE\" >United Arab Emirates<\/option><option value=\"GB\" >United Kingdom<\/option><option value=\"US\" >United States of America<\/option><option value=\"UY\" >Uruguay<\/option><option value=\"UZ\" >Uzbekistan<\/option><option value=\"VU\" >Vanuatu<\/option><option value=\"VA\" >Vatican City<\/option><option value=\"VE\" >Venezuela<\/option><option value=\"VN\" >Vietnam<\/option><option value=\"WF\" >Wallis and Futuna<\/option><option value=\"EH\" >Western Sahara<\/option><option value=\"YE\" >Yemen<\/option><option value=\"ZM\" >Zambia<\/option><option value=\"ZW\" >Zimbabwe<\/option><\/select><\/div><\/div><\/div><\/div><!-- .wpforms-field-container --><div class=\"wpforms-recaptcha-container wpforms-is-recaptcha wpforms-is-recaptcha-type-v3\" ><input type=\"hidden\" name=\"wpforms[recaptcha]\" value=\"\"><\/div><div class=\"wpforms-submit-container\" ><input type=\"hidden\" name=\"wpforms[id]\" value=\"2224\"><input type=\"hidden\" name=\"page_title\" value=\"\"><input type=\"hidden\" name=\"page_url\" value=\"https:\/\/www.froewis.com\/en\/wp-json\/wp\/v2\/pages\/3249\/\"><input type=\"hidden\" name=\"url_referer\" value=\"https:\/\/www.froewis.com\/en\/wp-json\/wp\/v2\/pages\/3249\"><button type=\"submit\" name=\"wpforms[submit]\" id=\"wpforms-submit-2224\" class=\"wpforms-submit\" data-alt-text=\"Requests\" data-submit-text=\"Request a sample\" aria-live=\"assertive\" value=\"wpforms-submit\">Request a sample<\/button><img decoding=\"async\" src=\"https:\/\/www.froewis.com\/wp-content\/plugins\/wpforms\/assets\/images\/submit-spin.svg\" class=\"wpforms-submit-spinner\" style=\"display: none;\" width=\"26\" height=\"26\" alt=\"Loading\"><\/div><\/form><\/div>  <!-- .wpforms-container -->\n\n<div class=\"gb-button-wrapper gb-button-wrapper-d78b67e8 wpf-termin-button\">\n\n<a class=\"gb-button gb-button-c6408d6d gb-button-text gb-button-filled\" href=\"https:\/\/outlook.office365.com\/owa\/calendar\/FROEWIS@froewis.com\/bookings\/\" target=\"_blank\" rel=\"noopener noreferrer\">Speak with us<\/a>\n\n<\/div>\n<\/div><\/div>","protected":false},"excerpt":{"rendered":"<p>How can we help?<\/p>\n","protected":false},"author":3,"featured_media":0,"parent":0,"menu_order":0,"comment_status":"closed","ping_status":"closed","template":"","meta":{"_acf_changed":false,"footnotes":""},"class_list":["post-3249","page","type-page","status-publish"],"acf":[],"yoast_head":"<!-- This site is optimized with the Yoast SEO plugin v27.2 - https:\/\/yoast.com\/product\/yoast-seo-wordpress\/ -->\n<title>Contact<\/title>\n<meta name=\"description\" content=\"How can we help?\" \/>\n<meta name=\"robots\" content=\"index, follow, max-snippet:-1, max-image-preview:large, max-video-preview:-1\" \/>\n<link rel=\"canonical\" href=\"https:\/\/www.froewis.com\/en\/contact-now\/\" \/>\n<meta property=\"og:locale\" content=\"en_US\" \/>\n<meta property=\"og:type\" content=\"article\" \/>\n<meta property=\"og:title\" content=\"Contact\" \/>\n<meta property=\"og:description\" content=\"How can we help?\" \/>\n<meta property=\"og:url\" content=\"https:\/\/www.froewis.com\/en\/contact-now\/\" \/>\n<meta property=\"og:site_name\" content=\"Fr\u00f6wis \u2013 Specialised Fixings\" \/>\n<meta property=\"article:modified_time\" content=\"2022-07-06T14:42:13+00:00\" \/>\n<meta name=\"twitter:card\" content=\"summary_large_image\" \/>\n<meta name=\"twitter:label1\" content=\"Est. reading time\" \/>\n\t<meta name=\"twitter:data1\" content=\"1 minute\" \/>\n<script type=\"application\/ld+json\" class=\"yoast-schema-graph\">{\"@context\":\"https:\/\/schema.org\",\"@graph\":[{\"@type\":\"WebPage\",\"@id\":\"https:\/\/www.froewis.com\/en\/contact-now\/\",\"url\":\"https:\/\/www.froewis.com\/en\/contact-now\/\",\"name\":\"Contact\",\"isPartOf\":{\"@id\":\"https:\/\/www.froewis.com\/en\/#website\"},\"datePublished\":\"2022-04-27T11:17:01+00:00\",\"dateModified\":\"2022-07-06T14:42:13+00:00\",\"description\":\"How can we help?\",\"breadcrumb\":{\"@id\":\"https:\/\/www.froewis.com\/en\/contact-now\/#breadcrumb\"},\"inLanguage\":\"en-US\",\"potentialAction\":[{\"@type\":\"ReadAction\",\"target\":[\"https:\/\/www.froewis.com\/en\/contact-now\/\"]}]},{\"@type\":\"BreadcrumbList\",\"@id\":\"https:\/\/www.froewis.com\/en\/contact-now\/#breadcrumb\",\"itemListElement\":[{\"@type\":\"ListItem\",\"position\":1,\"name\":\"Startseite\",\"item\":\"https:\/\/www.froewis.com\/en\/\"},{\"@type\":\"ListItem\",\"position\":2,\"name\":\"contact now\"}]},{\"@type\":\"WebSite\",\"@id\":\"https:\/\/www.froewis.com\/en\/#website\",\"url\":\"https:\/\/www.froewis.com\/en\/\",\"name\":\"Fr\u00f6wis \u2013 Specialised Fixings\",\"description\":\"\",\"publisher\":{\"@id\":\"https:\/\/www.froewis.com\/en\/#organization\"},\"potentialAction\":[{\"@type\":\"SearchAction\",\"target\":{\"@type\":\"EntryPoint\",\"urlTemplate\":\"https:\/\/www.froewis.com\/en\/?s={search_term_string}\"},\"query-input\":{\"@type\":\"PropertyValueSpecification\",\"valueRequired\":true,\"valueName\":\"search_term_string\"}}],\"inLanguage\":\"en-US\"},{\"@type\":\"Organization\",\"@id\":\"https:\/\/www.froewis.com\/en\/#organization\",\"name\":\"FR\u00d6WIS AG\",\"url\":\"https:\/\/www.froewis.com\/en\/\",\"logo\":{\"@type\":\"ImageObject\",\"inLanguage\":\"en-US\",\"@id\":\"https:\/\/www.froewis.com\/en\/#\/schema\/logo\/image\/\",\"url\":\"https:\/\/www.froewis.com\/wp-content\/uploads\/Froewis-logo.svg\",\"contentUrl\":\"https:\/\/www.froewis.com\/wp-content\/uploads\/Froewis-logo.svg\",\"width\":136,\"height\":37,\"caption\":\"FR\u00d6WIS AG\"},\"image\":{\"@id\":\"https:\/\/www.froewis.com\/en\/#\/schema\/logo\/image\/\"}}]}<\/script>\n<!-- \/ Yoast SEO plugin. -->","yoast_head_json":{"title":"Contact","description":"How can we help?","robots":{"index":"index","follow":"follow","max-snippet":"max-snippet:-1","max-image-preview":"max-image-preview:large","max-video-preview":"max-video-preview:-1"},"canonical":"https:\/\/www.froewis.com\/en\/contact-now\/","og_locale":"en_US","og_type":"article","og_title":"Contact","og_description":"How can we help?","og_url":"https:\/\/www.froewis.com\/en\/contact-now\/","og_site_name":"Fr\u00f6wis \u2013 Specialised Fixings","article_modified_time":"2022-07-06T14:42:13+00:00","twitter_card":"summary_large_image","twitter_misc":{"Est. reading time":"1 minute"},"schema":{"@context":"https:\/\/schema.org","@graph":[{"@type":"WebPage","@id":"https:\/\/www.froewis.com\/en\/contact-now\/","url":"https:\/\/www.froewis.com\/en\/contact-now\/","name":"Contact","isPartOf":{"@id":"https:\/\/www.froewis.com\/en\/#website"},"datePublished":"2022-04-27T11:17:01+00:00","dateModified":"2022-07-06T14:42:13+00:00","description":"How can we help?","breadcrumb":{"@id":"https:\/\/www.froewis.com\/en\/contact-now\/#breadcrumb"},"inLanguage":"en-US","potentialAction":[{"@type":"ReadAction","target":["https:\/\/www.froewis.com\/en\/contact-now\/"]}]},{"@type":"BreadcrumbList","@id":"https:\/\/www.froewis.com\/en\/contact-now\/#breadcrumb","itemListElement":[{"@type":"ListItem","position":1,"name":"Startseite","item":"https:\/\/www.froewis.com\/en\/"},{"@type":"ListItem","position":2,"name":"contact now"}]},{"@type":"WebSite","@id":"https:\/\/www.froewis.com\/en\/#website","url":"https:\/\/www.froewis.com\/en\/","name":"Fr\u00f6wis \u2013 Specialised Fixings","description":"","publisher":{"@id":"https:\/\/www.froewis.com\/en\/#organization"},"potentialAction":[{"@type":"SearchAction","target":{"@type":"EntryPoint","urlTemplate":"https:\/\/www.froewis.com\/en\/?s={search_term_string}"},"query-input":{"@type":"PropertyValueSpecification","valueRequired":true,"valueName":"search_term_string"}}],"inLanguage":"en-US"},{"@type":"Organization","@id":"https:\/\/www.froewis.com\/en\/#organization","name":"FR\u00d6WIS AG","url":"https:\/\/www.froewis.com\/en\/","logo":{"@type":"ImageObject","inLanguage":"en-US","@id":"https:\/\/www.froewis.com\/en\/#\/schema\/logo\/image\/","url":"https:\/\/www.froewis.com\/wp-content\/uploads\/Froewis-logo.svg","contentUrl":"https:\/\/www.froewis.com\/wp-content\/uploads\/Froewis-logo.svg","width":136,"height":37,"caption":"FR\u00d6WIS AG"},"image":{"@id":"https:\/\/www.froewis.com\/en\/#\/schema\/logo\/image\/"}}]}},"_links":{"self":[{"href":"https:\/\/www.froewis.com\/en\/wp-json\/wp\/v2\/pages\/3249","targetHints":{"allow":["GET"]}}],"collection":[{"href":"https:\/\/www.froewis.com\/en\/wp-json\/wp\/v2\/pages"}],"about":[{"href":"https:\/\/www.froewis.com\/en\/wp-json\/wp\/v2\/types\/page"}],"author":[{"embeddable":true,"href":"https:\/\/www.froewis.com\/en\/wp-json\/wp\/v2\/users\/3"}],"replies":[{"embeddable":true,"href":"https:\/\/www.froewis.com\/en\/wp-json\/wp\/v2\/comments?post=3249"}],"version-history":[{"count":10,"href":"https:\/\/www.froewis.com\/en\/wp-json\/wp\/v2\/pages\/3249\/revisions"}],"predecessor-version":[{"id":3835,"href":"https:\/\/www.froewis.com\/en\/wp-json\/wp\/v2\/pages\/3249\/revisions\/3835"}],"wp:attachment":[{"href":"https:\/\/www.froewis.com\/en\/wp-json\/wp\/v2\/media?parent=3249"}],"curies":[{"name":"wp","href":"https:\/\/api.w.org\/{rel}","templated":true}]}}